{"id":1551,"date":"2022-10-17T10:41:25","date_gmt":"2022-10-17T10:41:25","guid":{"rendered":"http:\/\/localhost:8080\/testsite\/?page_id=1551"},"modified":"2023-07-11T15:22:58","modified_gmt":"2023-07-11T14:22:58","slug":"conference-chairs","status":"publish","type":"page","link":"http:\/\/icotem23.fam.ulusiada.pt\/index.php\/conference-chairs\/","title":{"rendered":"Conference Chairs"},"content":{"rendered":"\n<p>Ana Cristina Magalh\u00e3es Ferreira, Universidade Lus\u00edada, Portugal<\/p>\n\n\n\n<p>\u00c2ngela Maria Esteves da Silva, Instituto Polit\u00e9cnico de Viana do Castelo, Portugal<\/p>\n\n\n\n<p>Jos\u00e9 Maria de Sousa Cruz, Instituto Superior Polit\u00e9cnico de Benguela, Angola<\/p>\n\n\n\n<p>Lu\u00eds Valadares Tavares, Universidade Lus\u00edada, Portugal<\/p>\n\n\n\n<p>Marco Estrela, ISQ, Dire\u00e7\u00e3o de Investiga\u00e7\u00e3o, Desenvolvimento e Inova\u00e7\u00e3o, Portugal<\/p>\n\n\n\n<p>Ot\u00e1vio Jos\u00e9 de Oliveira, Universidade Estadual Paulista \u201cJ\u00falio de Mesquita Filho\u201d, Brazil<\/p>\n\n\n\n<p>Thiago Lib\u00f3rio Romanelli, Universidade de S\u00e3o Paulo, Brazil<\/p>\n\n\n\n<p>Rui Gabriel Ara\u00fajo de Azevedo Silva, Universidade Lus\u00edada, Portugal<\/p>\n","protected":false},"excerpt":{"rendered":"<p>Ana Cristina Magalh\u00e3es Ferreira, Universidade Lus\u00edada, Portugal \u00c2ngela Maria Esteves da Silva, Instituto Polit\u00e9cnico de Viana do Castelo, Portugal Jos\u00e9 Maria de Sousa Cruz, Instituto&hellip;<\/p>\n","protected":false},"author":2,"featured_media":0,"parent":0,"menu_order":0,"comment_status":"closed","ping_status":"closed","template":"","meta":{"_eb_attr":"","footnotes":""},"class_list":["post-1551","page","type-page","status-publish","hentry"],"_links":{"self":[{"href":"http:\/\/icotem23.fam.ulusiada.pt\/index.php\/wp-json\/wp\/v2\/pages\/1551","targetHints":{"allow":["GET"]}}],"collection":[{"href":"http:\/\/icotem23.fam.ulusiada.pt\/index.php\/wp-json\/wp\/v2\/pages"}],"about":[{"href":"http:\/\/icotem23.fam.ulusiada.pt\/index.php\/wp-json\/wp\/v2\/types\/page"}],"author":[{"embeddable":true,"href":"http:\/\/icotem23.fam.ulusiada.pt\/index.php\/wp-json\/wp\/v2\/users\/2"}],"replies":[{"embeddable":true,"href":"http:\/\/icotem23.fam.ulusiada.pt\/index.php\/wp-json\/wp\/v2\/comments?post=1551"}],"version-history":[{"count":8,"href":"http:\/\/icotem23.fam.ulusiada.pt\/index.php\/wp-json\/wp\/v2\/pages\/1551\/revisions"}],"predecessor-version":[{"id":2751,"href":"http:\/\/icotem23.fam.ulusiada.pt\/index.php\/wp-json\/wp\/v2\/pages\/1551\/revisions\/2751"}],"wp:attachment":[{"href":"http:\/\/icotem23.fam.ulusiada.pt\/index.php\/wp-json\/wp\/v2\/media?parent=1551"}],"curies":[{"name":"wp","href":"https:\/\/api.w.org\/{rel}","templated":true}]}}