{"id":1557,"date":"2022-10-17T10:42:45","date_gmt":"2022-10-17T10:42:45","guid":{"rendered":"http:\/\/localhost:8080\/testsite\/?page_id=1557"},"modified":"2023-07-11T15:20:22","modified_gmt":"2023-07-11T14:20:22","slug":"international-scientific-committee","status":"publish","type":"page","link":"http:\/\/icotem23.fam.ulusiada.pt\/index.php\/international-scientific-committee\/","title":{"rendered":"International Scientific Committee"},"content":{"rendered":"\n<p>Ana Cec\u00edlia Dias Ferreira Ribeiro, Universidade Lus\u00edada, Portugal<\/p>\n\n\n\n<p>Ana Cl\u00e1udia dos Santos Luciano, Universidade de S\u00e3o Paulo, Brazil<\/p>\n\n\n\n<p>Ana Cristina Magalh\u00e3es Ferreira, Universidade Lus\u00edada, Portugal<\/p>\n\n\n\n<p>\u00c2ngela Maria Esteves da Silva, Instituto Polit\u00e9cnico de Viana do Castelo, Portugal<\/p>\n\n\n\n<p>Ant\u00f3nio Jo\u00e3o de Melo Martins de Ara\u00fajo, Universidade Lus\u00edada, Portugal<\/p>\n\n\n\n<p>Arminda Eugenia Marques Campos, Universidade Estadual Paulista \u201cJ\u00falio de Mesquita Filho\u201d, Brazil<\/p>\n\n\n\n<p>Bruna Moura, ISQ, Dire\u00e7\u00e3o de Investiga\u00e7\u00e3o, Desenvolvimento e Inova\u00e7\u00e3o, Portugal<\/p>\n\n\n\n<p>Bruna Silva Ramos, Universidade Lus\u00edada, Portugal<\/p>\n\n\n\n<p>Bruno Andr\u00e9 Silva Ferreira, ISQ, Dire\u00e7\u00e3o de Investiga\u00e7\u00e3o, Desenvolvimento e Inova\u00e7\u00e3o, Portugal<\/p>\n\n\n\n<p>Carlos Alberto Rego de Oliveira, Universidade Lus\u00edada, Portugal<\/p>\n\n\n\n<p>Celina Maria Godinho Silva Pinto Le\u00e3o, Universidade do Minho, Portugal<\/p>\n\n\n\n<p>Daniel Silva, ISQ, Dire\u00e7\u00e3o de Investiga\u00e7\u00e3o, Desenvolvimento e Inova\u00e7\u00e3o, Portugal<\/p>\n\n\n\n<p>Diogo Teixeira, ISQ, Dire\u00e7\u00e3o de Investiga\u00e7\u00e3o, Desenvolvimento e Inova\u00e7\u00e3o, Portugal<\/p>\n\n\n\n<p>F\u00e1bio Ricardo Marin, Universidade de S\u00e3o Paulo, Brazil<\/p>\n\n\n\n<p>Fernando Augusto Silva Marins, Universidade Estadual Paulista \u201cJ\u00falio de Mesquita Filho\u201d, Brazil<\/p>\n\n\n\n<p>G\u00e9remi Dranka, Universidade Tecnol\u00f3gica Federal do Paran\u00e1 (UTFPR), Brazil<\/p>\n\n\n\n<p>H\u00e9lder Sebasti\u00e3o Ilda Wafunga, Instituto Superior Polit\u00e9cnico de Benguela, Angola<\/p>\n\n\n\n<p>Helena Sofia Rodrigues, Instituto Polit\u00e9cnico de Viana do Castelo, Portugal<\/p>\n\n\n\n<p>Jorge Esparteiro Garcia, Instituto Polit\u00e9cnico de Viana do Castelo, Portugal<\/p>\n\n\n\n<p>Jorge Ferreira Dias de Figueiredo, Universidade Lus\u00edada, Portugal<\/p>\n\n\n\n<p>Jos\u00e9 Manuel dos Santos Cruz, Universidade Lus\u00edada, Portugal<\/p>\n\n\n\n<p>Jos\u00e9 Paulo Molin, Universidade de S\u00e3o Paulo, Brazil<\/p>\n\n\n\n<p>Katarzyna Halicka, &nbsp;Bialystok University of Technology, Poland<\/p>\n\n\n\n<p>L\u00e1zaro Makili, Instituto Superior Polit\u00e9cnico de Benguela, Angola<\/p>\n\n\n\n<p>Lia Oliveira, Instituto Polit\u00e9cnico de Viana do Castelo, Portugal<\/p>\n\n\n\n<p>Manuel Fonseca, Instituto Polit\u00e9cnico de Viana do Castelo, Portugal<\/p>\n\n\n\n<p>Manuel Gilberto Freitas dos Santos, Instituto Polit\u00e9cnico do C\u00e1vado e do Ave, Portugal<\/p>\n\n\n\n<p>Marcela Aparecida Guerreiro Machado, Universidade Estadual Paulista \u201cJ\u00falio de Mesquita Filho\u201d, Brazil<\/p>\n\n\n\n<p>Nelson Jos\u00e9 de Oliveira Rodrigues, Universidade do Minho, Portugal<\/p>\n\n\n\n<p>Ot\u00e1vio Jos\u00e9 de Oliveira, Universidade Estadual Paulista \u201cJ\u00falio de Mesquita Filho\u201d, Brazil<\/p>\n\n\n\n<p>Patr\u00edcia Ang\u00e9lica Alves Marques, Universidade de S\u00e3o Paulo, Brazil<\/p>\n\n\n\n<p>Paula Maria Oliveira e Silva S\u00e1, Universidade Lus\u00edada, Portugal<\/p>\n\n\n\n<p>Pedro Miguel Ara\u00fajo Rodrigues, Universidade Lus\u00edada, Portugal<\/p>\n\n\n\n<p>Pedro Miguel Pinto Reis Gomes, Universidade Lus\u00edada, Portugal<\/p>\n\n\n\n<p>Roberto Cruz Acosta, Instituto Superior Polit\u00e9cnico de Benguela, Angola<\/p>\n\n\n\n<p>Rui Gabriel Ara\u00fajo de Azevedo Silva, Universidade Lus\u00edada, Portugal<\/p>\n\n\n\n<p>Rui Manuel Dias Ferreira Lima, Universidade Lus\u00edada, Portugal<\/p>\n\n\n\n<p>Sara Paiva Instituto Polit\u00e9cnico de Viana do Castelo, Portugal<\/p>\n\n\n\n<p>Thiago Romanelli, Universidade de S\u00e3o Paulo, Brazil<\/p>\n\n\n\n<p>Tiago Silva, Instituto de Soldadura e Qualidade (ISQ), Centro de Investiga\u00e7\u00e3o em Baixo Carbono e Efici\u00eancia de Recursos, Portugal<\/p>\n\n\n\n<p>Valeriano Kataya, Instituto Superior Polit\u00e9cnico de Benguela, Angola<\/p>\n\n\n\n<p>Val\u00e9rio Antonio Pamplona Salomon, Universidade Estadual Paulista \u201cJ\u00falio de Mesquita Filho\u201d, Brazil<\/p>\n\n\n\n<p>V\u00edtor Emanuel de Matos Loureiro da Silva Pereira, Universidade Lus\u00edada, Portugal<\/p>\n\n\n\n<p>Wellington Alves, Instituto Polit\u00e9cnico de Viana do Castelo, Portugal<\/p>\n","protected":false},"excerpt":{"rendered":"<p>Ana Cec\u00edlia Dias Ferreira Ribeiro, Universidade Lus\u00edada, Portugal Ana Cl\u00e1udia dos Santos Luciano, Universidade de S\u00e3o Paulo, Brazil Ana Cristina Magalh\u00e3es Ferreira, Universidade Lus\u00edada, Portugal&hellip;<\/p>\n","protected":false},"author":1,"featured_media":0,"parent":0,"menu_order":0,"comment_status":"closed","ping_status":"closed","template":"","meta":{"_eb_attr":"","footnotes":""},"class_list":["post-1557","page","type-page","status-publish","hentry"],"_links":{"self":[{"href":"http:\/\/icotem23.fam.ulusiada.pt\/index.php\/wp-json\/wp\/v2\/pages\/1557","targetHints":{"allow":["GET"]}}],"collection":[{"href":"http:\/\/icotem23.fam.ulusiada.pt\/index.php\/wp-json\/wp\/v2\/pages"}],"about":[{"href":"http:\/\/icotem23.fam.ulusiada.pt\/index.php\/wp-json\/wp\/v2\/types\/page"}],"author":[{"embeddable":true,"href":"http:\/\/icotem23.fam.ulusiada.pt\/index.php\/wp-json\/wp\/v2\/users\/1"}],"replies":[{"embeddable":true,"href":"http:\/\/icotem23.fam.ulusiada.pt\/index.php\/wp-json\/wp\/v2\/comments?post=1557"}],"version-history":[{"count":15,"href":"http:\/\/icotem23.fam.ulusiada.pt\/index.php\/wp-json\/wp\/v2\/pages\/1557\/revisions"}],"predecessor-version":[{"id":2749,"href":"http:\/\/icotem23.fam.ulusiada.pt\/index.php\/wp-json\/wp\/v2\/pages\/1557\/revisions\/2749"}],"wp:attachment":[{"href":"http:\/\/icotem23.fam.ulusiada.pt\/index.php\/wp-json\/wp\/v2\/media?parent=1557"}],"curies":[{"name":"wp","href":"https:\/\/api.w.org\/{rel}","templated":true}]}}